{"id":843,"date":"2021-04-27T02:53:53","date_gmt":"2021-04-27T02:53:53","guid":{"rendered":"https:\/\/dienhoabinhthuan.com\/?post_type=product&#038;p=843"},"modified":"2021-04-27T04:48:24","modified_gmt":"2021-04-27T04:48:24","slug":"hoa-chuc-mung","status":"publish","type":"product","link":"https:\/\/dienhoabinhthuan.com\/?product=hoa-chuc-mung","title":{"rendered":"hoa ch\u00fac m\u1eebng"},"content":{"rendered":"<p><img loading=\"lazy\" decoding=\"async\" class=\"alignnone size-medium wp-image-849 aligncenter\" src=\"http:\/\/dienhoabinhthuan.com\/wp-content\/uploads\/2021\/04\/hoa-tang-sinh-nhat-1-225x300.jpg\" alt=\"\" width=\"225\" height=\"300\" srcset=\"https:\/\/dienhoabinhthuan.com\/wp-content\/uploads\/2021\/04\/hoa-tang-sinh-nhat-1-225x300.jpg 225w, https:\/\/dienhoabinhthuan.com\/wp-content\/uploads\/2021\/04\/hoa-tang-sinh-nhat-1-510x680.jpg 510w, https:\/\/dienhoabinhthuan.com\/wp-content\/uploads\/2021\/04\/hoa-tang-sinh-nhat-1-768x1024.jpg 768w, https:\/\/dienhoabinhthuan.com\/wp-content\/uploads\/2021\/04\/hoa-tang-sinh-nhat-1-600x800.jpg 600w, https:\/\/dienhoabinhthuan.com\/wp-content\/uploads\/2021\/04\/hoa-tang-sinh-nhat-1-300x400.jpg 300w, https:\/\/dienhoabinhthuan.com\/wp-content\/uploads\/2021\/04\/hoa-tang-sinh-nhat-1.jpg 960w\" sizes=\"auto, (max-width: 225px) 100vw, 225px\" \/><\/p>\n<p><span data-sheets-value=\"{&quot;1&quot;:2,&quot;2&quot;:&quot;hoa sinh nh\u1eadt \u0111\u1eb9p v\u00e0 \u00fd ngh\u0129a&quot;}\" data-sheets-userformat=\"{&quot;2&quot;:513,&quot;3&quot;:{&quot;1&quot;:0},&quot;12&quot;:0}\">hoa sinh nh\u1eadt \u0111\u1eb9p v\u00e0 \u00fd ngh\u0129a<\/span><\/p>\n","protected":false},"excerpt":{"rendered":"<p>hoa sinh nh\u1eadt \u0111\u1eb9p v\u00e0 \u00fd ngh\u0129a<\/p>\n","protected":false},"featured_media":849,"comment_status":"open","ping_status":"closed","template":"","meta":{"_bbp_topic_count":0,"_bbp_reply_count":0,"_bbp_total_topic_count":0,"_bbp_total_reply_count":0,"_bbp_voice_count":0,"_bbp_anonymous_reply_count":0,"_bbp_topic_count_hidden":0,"_bbp_reply_count_hidden":0,"_bbp_forum_subforum_count":0},"product_brand":[],"product_cat":[253],"product_tag":[258,255,261,259,260,257],"class_list":{"0":"post-843","1":"product","2":"type-product","3":"status-publish","4":"has-post-thumbnail","6":"product_cat-hoa-gio","7":"product_tag-hoa-chuc-mung","8":"product_tag-hoa-sinh-nhat","9":"product_tag-hoa-tang-ban-gai","10":"product_tag-hoa-tang-me","11":"product_tag-hoa-tang-sep","12":"product_tag-hoa-tuoi","14":"first","15":"instock","16":"shipping-taxable","17":"purchasable","18":"product-type-simple"},"_links":{"self":[{"href":"https:\/\/dienhoabinhthuan.com\/index.php?rest_route=\/wp\/v2\/product\/843","targetHints":{"allow":["GET"]}}],"collection":[{"href":"https:\/\/dienhoabinhthuan.com\/index.php?rest_route=\/wp\/v2\/product"}],"about":[{"href":"https:\/\/dienhoabinhthuan.com\/index.php?rest_route=\/wp\/v2\/types\/product"}],"replies":[{"embeddable":true,"href":"https:\/\/dienhoabinhthuan.com\/index.php?rest_route=%2Fwp%2Fv2%2Fcomments&post=843"}],"wp:featuredmedia":[{"embeddable":true,"href":"https:\/\/dienhoabinhthuan.com\/index.php?rest_route=\/wp\/v2\/media\/849"}],"wp:attachment":[{"href":"https:\/\/dienhoabinhthuan.com\/index.php?rest_route=%2Fwp%2Fv2%2Fmedia&parent=843"}],"wp:term":[{"taxonomy":"product_brand","embeddable":true,"href":"https:\/\/dienhoabinhthuan.com\/index.php?rest_route=%2Fwp%2Fv2%2Fproduct_brand&post=843"},{"taxonomy":"product_cat","embeddable":true,"href":"https:\/\/dienhoabinhthuan.com\/index.php?rest_route=%2Fwp%2Fv2%2Fproduct_cat&post=843"},{"taxonomy":"product_tag","embeddable":true,"href":"https:\/\/dienhoabinhthuan.com\/index.php?rest_route=%2Fwp%2Fv2%2Fproduct_tag&post=843"}],"curies":[{"name":"wp","href":"https:\/\/api.w.org\/{rel}","templated":true}]}}