{"id":845,"date":"2021-04-27T02:57:33","date_gmt":"2021-04-27T02:57:33","guid":{"rendered":"https:\/\/dienhoabinhthuan.com\/?post_type=product&#038;p=845"},"modified":"2021-04-27T02:57:33","modified_gmt":"2021-04-27T02:57:33","slug":"tang-sep","status":"publish","type":"product","link":"https:\/\/dienhoabinhthuan.com\/?product=tang-sep","title":{"rendered":"T\u1eb7ng S\u1ebfp"},"content":{"rendered":"<p>T\u1eb7ng S\u1ebfp<\/p>\n<p><img loading=\"lazy\" decoding=\"async\" class=\"alignnone size-medium wp-image-846\" src=\"http:\/\/dienhoabinhthuan.com\/wp-content\/uploads\/2021\/04\/z2428155280945_08a39eb485e5d8b05593a44f928cfa59-225x300.jpg\" alt=\"\" width=\"225\" height=\"300\" srcset=\"https:\/\/dienhoabinhthuan.com\/wp-content\/uploads\/2021\/04\/z2428155280945_08a39eb485e5d8b05593a44f928cfa59-225x300.jpg 225w, https:\/\/dienhoabinhthuan.com\/wp-content\/uploads\/2021\/04\/z2428155280945_08a39eb485e5d8b05593a44f928cfa59-510x680.jpg 510w, https:\/\/dienhoabinhthuan.com\/wp-content\/uploads\/2021\/04\/z2428155280945_08a39eb485e5d8b05593a44f928cfa59-768x1024.jpg 768w, https:\/\/dienhoabinhthuan.com\/wp-content\/uploads\/2021\/04\/z2428155280945_08a39eb485e5d8b05593a44f928cfa59-600x800.jpg 600w, https:\/\/dienhoabinhthuan.com\/wp-content\/uploads\/2021\/04\/z2428155280945_08a39eb485e5d8b05593a44f928cfa59.jpg 960w\" sizes=\"auto, (max-width: 225px) 100vw, 225px\" \/><\/p>\n<p>Ch\u00fang ta lu\u00f4n mu\u1ed1n b\u00e0y t\u1ecf s\u1ef1 ng\u01b0\u1ee1ng m\u1ed9, l\u00f2ng c\u1ea3m \u01a1n c\u1ee7a m\u00ecnh d\u00e0nh cho s\u1ebfp nh\u01b0ng l\u1ea1i ng\u1ea1i b\u1ecb n\u00f3i l\u00e0 \u201cl\u1ea5y l\u00f2ng\u201d. V\u1eady th\u00ec v\u00e0o ng\u00e0y sinh nh\u1eadt s\u1ebfp, m\u1ed9t gi\u1ecf hoa ch\u00fac m\u1eebng ch\u1ee9a \u0111\u1ea7y t\u00e2m \u00fd t\u1eb7ng s\u1ebfp s\u1ebd gi\u00fap b\u1ea1n n\u00f3i l\u00ean \u0111i\u1ec1u \u1ea5y. \u0110\u00e3 bao gi\u1edd b\u1ea1n bo\u0103n kho\u0103n khi ch\u1ecdn hoa t\u1eb7ng sinh nh\u1eadt s\u1ebfp nam c\u1ee7a m\u00ecnh ch\u01b0a N\u1ebfu ch\u01b0a th\u00ec h\u00e3y c\u00f9ng shophoavinh kh\u00e1m ph\u00e1 nh\u00e9.<\/p>\n","protected":false},"excerpt":{"rendered":"<p>T\u1eb7ng S\u1ebfp Ch\u00fang ta lu\u00f4n mu\u1ed1n b\u00e0y t\u1ecf s\u1ef1 ng\u01b0\u1ee1ng m\u1ed9, l\u00f2ng c\u1ea3m \u01a1n c\u1ee7a m\u00ecnh d\u00e0nh cho s\u1ebfp nh\u01b0ng l\u1ea1i ng\u1ea1i b\u1ecb n\u00f3i l\u00e0 \u201cl\u1ea5y l\u00f2ng\u201d. V\u1eady th\u00ec v\u00e0o ng\u00e0y sinh nh\u1eadt s\u1ebfp, m\u1ed9t gi\u1ecf hoa ch\u00fac m\u1eebng ch\u1ee9a \u0111\u1ea7y t\u00e2m \u00fd t\u1eb7ng s\u1ebfp s\u1ebd gi\u00fap b\u1ea1n n\u00f3i l\u00ean \u0111i\u1ec1u \u1ea5y. \u0110\u00e3 bao gi\u1edd &#8230;<\/p>\n","protected":false},"featured_media":846,"comment_status":"open","ping_status":"closed","template":"","meta":{"_bbp_topic_count":0,"_bbp_reply_count":0,"_bbp_total_topic_count":0,"_bbp_total_reply_count":0,"_bbp_voice_count":0,"_bbp_anonymous_reply_count":0,"_bbp_topic_count_hidden":0,"_bbp_reply_count_hidden":0,"_bbp_forum_subforum_count":0},"product_brand":[],"product_cat":[253],"product_tag":[254,256,255,261,259,260,257],"class_list":{"0":"post-845","1":"product","2":"type-product","3":"status-publish","4":"has-post-thumbnail","6":"product_cat-hoa-gio","7":"product_tag-gio-hoa-chuc-mung","8":"product_tag-hoa-chuc-mung-sep","9":"product_tag-hoa-sinh-nhat","10":"product_tag-hoa-tang-ban-gai","11":"product_tag-hoa-tang-me","12":"product_tag-hoa-tang-sep","13":"product_tag-hoa-tuoi","15":"first","16":"instock","17":"shipping-taxable","18":"purchasable","19":"product-type-simple"},"_links":{"self":[{"href":"https:\/\/dienhoabinhthuan.com\/index.php?rest_route=\/wp\/v2\/product\/845","targetHints":{"allow":["GET"]}}],"collection":[{"href":"https:\/\/dienhoabinhthuan.com\/index.php?rest_route=\/wp\/v2\/product"}],"about":[{"href":"https:\/\/dienhoabinhthuan.com\/index.php?rest_route=\/wp\/v2\/types\/product"}],"replies":[{"embeddable":true,"href":"https:\/\/dienhoabinhthuan.com\/index.php?rest_route=%2Fwp%2Fv2%2Fcomments&post=845"}],"wp:featuredmedia":[{"embeddable":true,"href":"https:\/\/dienhoabinhthuan.com\/index.php?rest_route=\/wp\/v2\/media\/846"}],"wp:attachment":[{"href":"https:\/\/dienhoabinhthuan.com\/index.php?rest_route=%2Fwp%2Fv2%2Fmedia&parent=845"}],"wp:term":[{"taxonomy":"product_brand","embeddable":true,"href":"https:\/\/dienhoabinhthuan.com\/index.php?rest_route=%2Fwp%2Fv2%2Fproduct_brand&post=845"},{"taxonomy":"product_cat","embeddable":true,"href":"https:\/\/dienhoabinhthuan.com\/index.php?rest_route=%2Fwp%2Fv2%2Fproduct_cat&post=845"},{"taxonomy":"product_tag","embeddable":true,"href":"https:\/\/dienhoabinhthuan.com\/index.php?rest_route=%2Fwp%2Fv2%2Fproduct_tag&post=845"}],"curies":[{"name":"wp","href":"https:\/\/api.w.org\/{rel}","templated":true}]}}