{"id":854,"date":"2021-05-03T04:16:22","date_gmt":"2021-05-03T04:16:22","guid":{"rendered":"https:\/\/dienhoabinhthuan.com\/?post_type=product&#038;p=854"},"modified":"2021-05-03T04:16:23","modified_gmt":"2021-05-03T04:16:23","slug":"hoa-tot-nghiep","status":"publish","type":"product","link":"https:\/\/dienhoabinhthuan.com\/?product=hoa-tot-nghiep","title":{"rendered":"Hoa T\u1ed1t Nghi\u1ec7p"},"content":{"rendered":"<p>Hoa T\u1ed1t Nghi\u1ec7p<\/p>\n<p><img loading=\"lazy\" decoding=\"async\" class=\"alignnone size-medium wp-image-855\" src=\"http:\/\/dienhoabinhthuan.com\/wp-content\/uploads\/2021\/05\/z2453581926488_e5e95e0eb6eb642d2508a1da7c9d96a4-225x300.jpg\" alt=\"\" width=\"225\" height=\"300\" srcset=\"https:\/\/dienhoabinhthuan.com\/wp-content\/uploads\/2021\/05\/z2453581926488_e5e95e0eb6eb642d2508a1da7c9d96a4-225x300.jpg 225w, https:\/\/dienhoabinhthuan.com\/wp-content\/uploads\/2021\/05\/z2453581926488_e5e95e0eb6eb642d2508a1da7c9d96a4-510x680.jpg 510w, https:\/\/dienhoabinhthuan.com\/wp-content\/uploads\/2021\/05\/z2453581926488_e5e95e0eb6eb642d2508a1da7c9d96a4-768x1024.jpg 768w, https:\/\/dienhoabinhthuan.com\/wp-content\/uploads\/2021\/05\/z2453581926488_e5e95e0eb6eb642d2508a1da7c9d96a4-600x800.jpg 600w, https:\/\/dienhoabinhthuan.com\/wp-content\/uploads\/2021\/05\/z2453581926488_e5e95e0eb6eb642d2508a1da7c9d96a4-300x400.jpg 300w, https:\/\/dienhoabinhthuan.com\/wp-content\/uploads\/2021\/05\/z2453581926488_e5e95e0eb6eb642d2508a1da7c9d96a4.jpg 960w\" sizes=\"auto, (max-width: 225px) 100vw, 225px\" \/><\/p>\n<p>\u0110\u00f4i khi trong l\u1ec5 t\u1ed1t nghi\u1ec7p, b\u00f3 hoa h\u1ed3ng \u0111\u1ecf ch\u00fac m\u1eebng c\u00f2n l\u00e0 m\u00f3n qu\u00e0 m\u00e0 b\u1ea1n mu\u1ed1n g\u1eedi t\u1eb7ng \u0111\u1ebfn ng\u01b0\u1eddi th\u1ea7m th\u01b0\u01a1ng tr\u1ed9m nh\u1edb \u0111\u1ec3 b\u00e0y t\u1ecf m\u1ed9t c\u00e1ch d\u1ec5 th\u01b0\u01a1ng ,B\u00f3 hoa ch\u00fac m\u1eebng l\u1ec5 t\u1ed1t nghi\u1ec7p mang t\u00ean ng\u00e0y mai t\u01b0\u01a1i s\u00e1ng nh\u01b0 m\u1ed9t l\u1eddi ch\u00fac t\u1ed1t l\u00e0nh nh\u1ea5t v\u1ec1 m\u1ed9t kh\u1edfi \u0111\u1ea7u thu\u1eadn l\u1ee3i trong t\u01b0\u01a1ng lai d\u00e0nh cho c\u00e1c t\u00e2n c\u1eed nh\u00e2n ..<\/p>\n","protected":false},"excerpt":{"rendered":"<p>Hoa T\u1ed1t Nghi\u1ec7p \u0110\u00f4i khi trong l\u1ec5 t\u1ed1t nghi\u1ec7p, b\u00f3 hoa h\u1ed3ng \u0111\u1ecf ch\u00fac m\u1eebng c\u00f2n l\u00e0 m\u00f3n qu\u00e0 m\u00e0 b\u1ea1n mu\u1ed1n g\u1eedi t\u1eb7ng \u0111\u1ebfn ng\u01b0\u1eddi th\u1ea7m th\u01b0\u01a1ng tr\u1ed9m nh\u1edb \u0111\u1ec3 b\u00e0y t\u1ecf m\u1ed9t c\u00e1ch d\u1ec5 th\u01b0\u01a1ng ,B\u00f3 hoa ch\u00fac m\u1eebng l\u1ec5 t\u1ed1t nghi\u1ec7p mang t\u00ean ng\u00e0y mai t\u01b0\u01a1i s\u00e1ng nh\u01b0 m\u1ed9t l\u1eddi ch\u00fac t\u1ed1t &#8230;<\/p>\n","protected":false},"featured_media":855,"comment_status":"open","ping_status":"closed","template":"","meta":{"_bbp_topic_count":0,"_bbp_reply_count":0,"_bbp_total_topic_count":0,"_bbp_total_reply_count":0,"_bbp_voice_count":0,"_bbp_anonymous_reply_count":0,"_bbp_topic_count_hidden":0,"_bbp_reply_count_hidden":0,"_bbp_forum_subforum_count":0},"product_brand":[],"product_cat":[252],"product_tag":[270,269,258,267,268],"class_list":{"0":"post-854","1":"product","2":"type-product","3":"status-publish","4":"has-post-thumbnail","6":"product_cat-hoa-sinh-nhat","7":"product_tag-dich-vu-hoa-tuoi-giao-hoa-tan-noi","8":"product_tag-dien-hoa-chuc-mung","9":"product_tag-hoa-chuc-mung","10":"product_tag-hoa-tang-tot-nghiep","11":"product_tag-shop-ban-hoa","13":"first","14":"instock","15":"shipping-taxable","16":"purchasable","17":"product-type-simple"},"_links":{"self":[{"href":"https:\/\/dienhoabinhthuan.com\/index.php?rest_route=\/wp\/v2\/product\/854","targetHints":{"allow":["GET"]}}],"collection":[{"href":"https:\/\/dienhoabinhthuan.com\/index.php?rest_route=\/wp\/v2\/product"}],"about":[{"href":"https:\/\/dienhoabinhthuan.com\/index.php?rest_route=\/wp\/v2\/types\/product"}],"replies":[{"embeddable":true,"href":"https:\/\/dienhoabinhthuan.com\/index.php?rest_route=%2Fwp%2Fv2%2Fcomments&post=854"}],"wp:featuredmedia":[{"embeddable":true,"href":"https:\/\/dienhoabinhthuan.com\/index.php?rest_route=\/wp\/v2\/media\/855"}],"wp:attachment":[{"href":"https:\/\/dienhoabinhthuan.com\/index.php?rest_route=%2Fwp%2Fv2%2Fmedia&parent=854"}],"wp:term":[{"taxonomy":"product_brand","embeddable":true,"href":"https:\/\/dienhoabinhthuan.com\/index.php?rest_route=%2Fwp%2Fv2%2Fproduct_brand&post=854"},{"taxonomy":"product_cat","embeddable":true,"href":"https:\/\/dienhoabinhthuan.com\/index.php?rest_route=%2Fwp%2Fv2%2Fproduct_cat&post=854"},{"taxonomy":"product_tag","embeddable":true,"href":"https:\/\/dienhoabinhthuan.com\/index.php?rest_route=%2Fwp%2Fv2%2Fproduct_tag&post=854"}],"curies":[{"name":"wp","href":"https:\/\/api.w.org\/{rel}","templated":true}]}}