{"id":865,"date":"2021-05-20T01:08:05","date_gmt":"2021-05-20T01:08:05","guid":{"rendered":"https:\/\/dienhoabinhthuan.com\/?post_type=product&#038;p=865"},"modified":"2021-05-20T01:10:44","modified_gmt":"2021-05-20T01:10:44","slug":"long-thanh-kinh","status":"publish","type":"product","link":"https:\/\/dienhoabinhthuan.com\/?product=long-thanh-kinh","title":{"rendered":"L\u00f2ng Th\u00e0nh K\u00ednh"},"content":{"rendered":"<p><img loading=\"lazy\" decoding=\"async\" class=\"alignnone size-medium wp-image-866\" src=\"http:\/\/dienhoabinhthuan.com\/wp-content\/uploads\/2021\/05\/chia-buon-243x300.jpg\" alt=\"\" width=\"243\" height=\"300\" srcset=\"https:\/\/dienhoabinhthuan.com\/wp-content\/uploads\/2021\/05\/chia-buon-243x300.jpg 243w, https:\/\/dienhoabinhthuan.com\/wp-content\/uploads\/2021\/05\/chia-buon-510x629.jpg 510w, https:\/\/dienhoabinhthuan.com\/wp-content\/uploads\/2021\/05\/chia-buon-49x60.jpg 49w, https:\/\/dienhoabinhthuan.com\/wp-content\/uploads\/2021\/05\/chia-buon.jpg 527w\" sizes=\"auto, (max-width: 243px) 100vw, 243px\" \/><\/p>\n<p>K\u1ec7 hoa chia bu\u1ed3n Th\u00e0nh k\u00ednh, S\u1ebd chia mong ng\u01b0\u1eddi \u0111\u00e3 khu\u1ea5t \u0111\u01b0\u1ee3c an ngh\u1ec9 v\u00e0 \u0111\u1eebng v\u01b0\u01a1ng v\u1ea5n mu\u1ed9n phi\u1ec1n n\u1eefa. Mi\u1ec5n Ph\u00ed Giao H\u00e0ng C\u00e1c Qu\u1eadn, Mi\u1ec5n Ph\u00ed Thi\u1ec7p &#8230;<\/p>\n","protected":false},"excerpt":{"rendered":"<p>K\u1ec7 hoa chia bu\u1ed3n Th\u00e0nh k\u00ednh, S\u1ebd chia mong ng\u01b0\u1eddi \u0111\u00e3 khu\u1ea5t \u0111\u01b0\u1ee3c an ngh\u1ec9 v\u00e0 \u0111\u1eebng v\u01b0\u01a1ng v\u1ea5n mu\u1ed9n phi\u1ec1n n\u1eefa. Mi\u1ec5n Ph\u00ed Giao H\u00e0ng C\u00e1c Qu\u1eadn, Mi\u1ec5n Ph\u00ed Thi\u1ec7p &#8230;<\/p>\n","protected":false},"featured_media":866,"comment_status":"open","ping_status":"closed","template":"","meta":{"_bbp_topic_count":0,"_bbp_reply_count":0,"_bbp_total_topic_count":0,"_bbp_total_reply_count":0,"_bbp_voice_count":0,"_bbp_anonymous_reply_count":0,"_bbp_topic_count_hidden":0,"_bbp_reply_count_hidden":0,"_bbp_forum_subforum_count":0},"product_brand":[],"product_cat":[251],"product_tag":[270,271,259,267,265],"class_list":{"0":"post-865","1":"product","2":"type-product","3":"status-publish","4":"has-post-thumbnail","6":"product_cat-hoa-chia-buon","7":"product_tag-dich-vu-hoa-tuoi-giao-hoa-tan-noi","8":"product_tag-dat-hoa-tang-le","9":"product_tag-hoa-tang-me","10":"product_tag-hoa-tang-tot-nghiep","11":"product_tag-shop-hoa-tuoi-dien-hoa-24gio","13":"first","14":"instock","15":"shipping-taxable","16":"purchasable","17":"product-type-simple"},"_links":{"self":[{"href":"https:\/\/dienhoabinhthuan.com\/index.php?rest_route=\/wp\/v2\/product\/865","targetHints":{"allow":["GET"]}}],"collection":[{"href":"https:\/\/dienhoabinhthuan.com\/index.php?rest_route=\/wp\/v2\/product"}],"about":[{"href":"https:\/\/dienhoabinhthuan.com\/index.php?rest_route=\/wp\/v2\/types\/product"}],"replies":[{"embeddable":true,"href":"https:\/\/dienhoabinhthuan.com\/index.php?rest_route=%2Fwp%2Fv2%2Fcomments&post=865"}],"wp:featuredmedia":[{"embeddable":true,"href":"https:\/\/dienhoabinhthuan.com\/index.php?rest_route=\/wp\/v2\/media\/866"}],"wp:attachment":[{"href":"https:\/\/dienhoabinhthuan.com\/index.php?rest_route=%2Fwp%2Fv2%2Fmedia&parent=865"}],"wp:term":[{"taxonomy":"product_brand","embeddable":true,"href":"https:\/\/dienhoabinhthuan.com\/index.php?rest_route=%2Fwp%2Fv2%2Fproduct_brand&post=865"},{"taxonomy":"product_cat","embeddable":true,"href":"https:\/\/dienhoabinhthuan.com\/index.php?rest_route=%2Fwp%2Fv2%2Fproduct_cat&post=865"},{"taxonomy":"product_tag","embeddable":true,"href":"https:\/\/dienhoabinhthuan.com\/index.php?rest_route=%2Fwp%2Fv2%2Fproduct_tag&post=865"}],"curies":[{"name":"wp","href":"https:\/\/api.w.org\/{rel}","templated":true}]}}