{"id":870,"date":"2021-05-20T01:20:37","date_gmt":"2021-05-20T01:20:37","guid":{"rendered":"https:\/\/dienhoabinhthuan.com\/?post_type=product&#038;p=870"},"modified":"2021-05-20T01:20:38","modified_gmt":"2021-05-20T01:20:38","slug":"suoi-mat","status":"publish","type":"product","link":"https:\/\/dienhoabinhthuan.com\/?product=suoi-mat","title":{"rendered":"Su\u1ed1i M\u00e1t"},"content":{"rendered":"<p>Su\u1ed1i M\u00e1t<br \/>\n<img loading=\"lazy\" decoding=\"async\" class=\"alignnone  wp-image-871\" src=\"http:\/\/dienhoabinhthuan.com\/wp-content\/uploads\/2021\/05\/1000-6-243x300.jpg\" alt=\"\" width=\"243\" height=\"300\" srcset=\"https:\/\/dienhoabinhthuan.com\/wp-content\/uploads\/2021\/05\/1000-6-243x300.jpg 243w, https:\/\/dienhoabinhthuan.com\/wp-content\/uploads\/2021\/05\/1000-6-510x629.jpg 510w, https:\/\/dienhoabinhthuan.com\/wp-content\/uploads\/2021\/05\/1000-6.jpg 527w\" sizes=\"auto, (max-width: 243px) 100vw, 243px\" \/><\/p>\n<p>K\u1ec7 hoa tang nh\u01b0 s\u1ef1 \u0111\u1ed9ng vi\u00ean, an \u1ee7i tinh th\u1ea7n nh\u1eefng ng\u01b0\u1eddi \u1edf l\u1ea1i h\u00e3y c\u1ed1 g\u1eafng v\u01b0\u1ee3t qua \u0111\u01b0\u1ee3c giai \u0111o\u1ea1n kh\u00f3 kh\u0103n n\u00e0y, mong \u0111\u01b0\u1ee3c c\u00f9ng h\u1ecd chia s\u1ebb n\u1ed7i bu\u1ed3n v\u00e0 s\u1ef1 &#8230; K\u1ec7 hoa chia bu\u1ed3n n\u00e0y ch\u00ednh l\u00e0 s\u1ef1 k\u1ebft h\u01a1p hoa c\u00fac tr\u1eafng, hoa c\u1ea9m ch\u01b0\u1edbng,&#8230; v\u00e0 &#8230; hoa chia bu\u1ed3n c\u00f3 th\u1ec3 l\u00e0m ng\u01b0\u1eddi nh\u1eadn v\u01a1i \u0111i ch\u00fat n\u00e0o n\u1ed7i m\u1ea5t m\u00e1t ng\u01b0\u1eddi th\u00e2n. &#8230; bu\u1ed3n s\u1ebd l\u00e0m v\u00f2ng hoa tang l\u1ec5 cho b\u1ea1n ti\u1ec5n \u0111\u01b0a m\u1ed9t ai \u0111\u00f3 v\u1ec1 n\u01a1i ch\u00edn su\u1ed1i \u00eam \u1ea3 &#8230;<\/p>\n","protected":false},"excerpt":{"rendered":"<p>Su\u1ed1i M\u00e1t K\u1ec7 hoa tang nh\u01b0 s\u1ef1 \u0111\u1ed9ng vi\u00ean, an \u1ee7i tinh th\u1ea7n nh\u1eefng ng\u01b0\u1eddi \u1edf l\u1ea1i h\u00e3y c\u1ed1 g\u1eafng v\u01b0\u1ee3t qua \u0111\u01b0\u1ee3c giai \u0111o\u1ea1n kh\u00f3 kh\u0103n n\u00e0y, mong \u0111\u01b0\u1ee3c c\u00f9ng h\u1ecd chia s\u1ebb n\u1ed7i bu\u1ed3n v\u00e0 s\u1ef1 &#8230; K\u1ec7 hoa chia bu\u1ed3n n\u00e0y ch\u00ednh l\u00e0 s\u1ef1 k\u1ebft h\u01a1p hoa c\u00fac tr\u1eafng, hoa c\u1ea9m ch\u01b0\u1edbng,&#8230; &#8230;<\/p>\n","protected":false},"featured_media":871,"comment_status":"open","ping_status":"closed","template":"","meta":{"_bbp_topic_count":0,"_bbp_reply_count":0,"_bbp_total_topic_count":0,"_bbp_total_reply_count":0,"_bbp_voice_count":0,"_bbp_anonymous_reply_count":0,"_bbp_topic_count_hidden":0,"_bbp_reply_count_hidden":0,"_bbp_forum_subforum_count":0},"product_brand":[],"product_cat":[251],"product_tag":[270,271,263,272],"class_list":{"0":"post-870","1":"product","2":"type-product","3":"status-publish","4":"has-post-thumbnail","6":"product_cat-hoa-chia-buon","7":"product_tag-dich-vu-hoa-tuoi-giao-hoa-tan-noi","8":"product_tag-dat-hoa-tang-le","9":"product_tag-hoa-chia-buon","10":"product_tag-shop-ban-hoa-tang-le","12":"first","13":"instock","14":"shipping-taxable","15":"purchasable","16":"product-type-simple"},"_links":{"self":[{"href":"https:\/\/dienhoabinhthuan.com\/index.php?rest_route=\/wp\/v2\/product\/870","targetHints":{"allow":["GET"]}}],"collection":[{"href":"https:\/\/dienhoabinhthuan.com\/index.php?rest_route=\/wp\/v2\/product"}],"about":[{"href":"https:\/\/dienhoabinhthuan.com\/index.php?rest_route=\/wp\/v2\/types\/product"}],"replies":[{"embeddable":true,"href":"https:\/\/dienhoabinhthuan.com\/index.php?rest_route=%2Fwp%2Fv2%2Fcomments&post=870"}],"wp:featuredmedia":[{"embeddable":true,"href":"https:\/\/dienhoabinhthuan.com\/index.php?rest_route=\/wp\/v2\/media\/871"}],"wp:attachment":[{"href":"https:\/\/dienhoabinhthuan.com\/index.php?rest_route=%2Fwp%2Fv2%2Fmedia&parent=870"}],"wp:term":[{"taxonomy":"product_brand","embeddable":true,"href":"https:\/\/dienhoabinhthuan.com\/index.php?rest_route=%2Fwp%2Fv2%2Fproduct_brand&post=870"},{"taxonomy":"product_cat","embeddable":true,"href":"https:\/\/dienhoabinhthuan.com\/index.php?rest_route=%2Fwp%2Fv2%2Fproduct_cat&post=870"},{"taxonomy":"product_tag","embeddable":true,"href":"https:\/\/dienhoabinhthuan.com\/index.php?rest_route=%2Fwp%2Fv2%2Fproduct_tag&post=870"}],"curies":[{"name":"wp","href":"https:\/\/api.w.org\/{rel}","templated":true}]}}