{"id":879,"date":"2021-05-20T08:53:07","date_gmt":"2021-05-20T08:53:07","guid":{"rendered":"https:\/\/dienhoabinhthuan.com\/?post_type=product&#038;p=879"},"modified":"2022-08-13T07:20:06","modified_gmt":"2022-08-13T07:20:06","slug":"coi-vinh-hang","status":"publish","type":"product","link":"https:\/\/dienhoabinhthuan.com\/?product=coi-vinh-hang","title":{"rendered":"C\u00f5i V\u0129nh H\u1eb1ng"},"content":{"rendered":"<p style=\"text-align: center;\">C\u00f5i V\u0129nh H\u1eb1ng<\/p>\n<p>Shop Hoa \u0110\u1eb9p T\u1ea1i B\u00ecnh Thu\u1eadn, c\u1ee7a h\u00e0ng Hoa Online , Giao hoa Nhanh \u0110\u1eb9p, g\u01b0i Hoa chia Bu\u1ed3n T\u1ea1i T\u1ec9nh B\u00ecnh Thu\u1eadn<\/p>\n<p><img loading=\"lazy\" decoding=\"async\" class=\"alignnone wp-image-883 aligncenter\" src=\"http:\/\/dienhoabinhthuan.com\/wp-content\/uploads\/2021\/05\/sdafdsf-243x300.jpg\" alt=\"\" width=\"243\" height=\"300\" srcset=\"https:\/\/dienhoabinhthuan.com\/wp-content\/uploads\/2021\/05\/sdafdsf-243x300.jpg 243w, https:\/\/dienhoabinhthuan.com\/wp-content\/uploads\/2021\/05\/sdafdsf-510x629.jpg 510w, https:\/\/dienhoabinhthuan.com\/wp-content\/uploads\/2021\/05\/sdafdsf.jpg 527w\" sizes=\"auto, (max-width: 243px) 100vw, 243px\" \/><\/p>\n<p>K\u1ec7 hoa chia bu\u1ed3n- C\u00f5i v\u0129nh h\u1eb1ng ch\u1ea5t l\u01b0\u1ee3ng cao, b\u00e1n s\u1ec9 l\u1ebb K\u1ec7 hoa chia bu\u1ed3n- C\u00f5i v\u0129nh h\u1eb1ng tr\u00ean to\u00e0n qu\u1ed1c, ph\u00e2n ph\u1ed1i K\u1ec7 hoa chia bu\u1ed3n- V\u00f2ng hoa chia bu\u1ed3n tang l\u1ec5 l\u00e0 s\u1ef1 chia s\u1ebb ch\u00e2n th\u00e0nh \u0111\u1ebfn ng\u01b0\u1eddi th\u00e2n nh\u1eb1m xoa d\u1ecbu \u0111\u01b0\u1ee3c ph\u1ea7n n\u00e0o n\u1ed7i \u0111au tr\u01b0\u1edbc s\u1ef1 m\u1ea5t m\u00e1t to l\u1edbn n\u00e0y.<\/p>\n","protected":false},"excerpt":{"rendered":"<p>C\u00f5i V\u0129nh H\u1eb1ng Shop Hoa \u0110\u1eb9p T\u1ea1i B\u00ecnh Thu\u1eadn, c\u1ee7a h\u00e0ng Hoa Online , Giao hoa Nhanh \u0110\u1eb9p, g\u01b0i Hoa chia Bu\u1ed3n T\u1ea1i T\u1ec9nh B\u00ecnh Thu\u1eadn K\u1ec7 hoa chia bu\u1ed3n- C\u00f5i v\u0129nh h\u1eb1ng ch\u1ea5t l\u01b0\u1ee3ng cao, b\u00e1n s\u1ec9 l\u1ebb K\u1ec7 hoa chia bu\u1ed3n- C\u00f5i v\u0129nh h\u1eb1ng tr\u00ean to\u00e0n qu\u1ed1c, ph\u00e2n ph\u1ed1i K\u1ec7 hoa chia bu\u1ed3n- &#8230;<\/p>\n","protected":false},"featured_media":883,"comment_status":"open","ping_status":"closed","template":"","meta":{"_bbp_topic_count":0,"_bbp_reply_count":0,"_bbp_total_topic_count":0,"_bbp_total_reply_count":0,"_bbp_voice_count":0,"_bbp_anonymous_reply_count":0,"_bbp_topic_count_hidden":0,"_bbp_reply_count_hidden":0,"_bbp_forum_subforum_count":0},"product_brand":[],"product_cat":[251],"product_tag":[],"class_list":{"0":"post-879","1":"product","2":"type-product","3":"status-publish","4":"has-post-thumbnail","6":"product_cat-hoa-chia-buon","8":"first","9":"instock","10":"sale","11":"shipping-taxable","12":"purchasable","13":"product-type-simple"},"_links":{"self":[{"href":"https:\/\/dienhoabinhthuan.com\/index.php?rest_route=\/wp\/v2\/product\/879","targetHints":{"allow":["GET"]}}],"collection":[{"href":"https:\/\/dienhoabinhthuan.com\/index.php?rest_route=\/wp\/v2\/product"}],"about":[{"href":"https:\/\/dienhoabinhthuan.com\/index.php?rest_route=\/wp\/v2\/types\/product"}],"replies":[{"embeddable":true,"href":"https:\/\/dienhoabinhthuan.com\/index.php?rest_route=%2Fwp%2Fv2%2Fcomments&post=879"}],"wp:featuredmedia":[{"embeddable":true,"href":"https:\/\/dienhoabinhthuan.com\/index.php?rest_route=\/wp\/v2\/media\/883"}],"wp:attachment":[{"href":"https:\/\/dienhoabinhthuan.com\/index.php?rest_route=%2Fwp%2Fv2%2Fmedia&parent=879"}],"wp:term":[{"taxonomy":"product_brand","embeddable":true,"href":"https:\/\/dienhoabinhthuan.com\/index.php?rest_route=%2Fwp%2Fv2%2Fproduct_brand&post=879"},{"taxonomy":"product_cat","embeddable":true,"href":"https:\/\/dienhoabinhthuan.com\/index.php?rest_route=%2Fwp%2Fv2%2Fproduct_cat&post=879"},{"taxonomy":"product_tag","embeddable":true,"href":"https:\/\/dienhoabinhthuan.com\/index.php?rest_route=%2Fwp%2Fv2%2Fproduct_tag&post=879"}],"curies":[{"name":"wp","href":"https:\/\/api.w.org\/{rel}","templated":true}]}}