{"id":881,"date":"2021-05-20T02:54:36","date_gmt":"2021-05-20T02:54:36","guid":{"rendered":"https:\/\/dienhoabinhthuan.com\/?post_type=product&#038;p=881"},"modified":"2022-08-13T08:25:49","modified_gmt":"2022-08-13T08:25:49","slug":"coi-thien-thu","status":"publish","type":"product","link":"https:\/\/dienhoabinhthuan.com\/?product=coi-thien-thu","title":{"rendered":"C\u00f5i Thi\u00ean Thu"},"content":{"rendered":"<p>C\u00f5i Thi\u00ean Thu<\/p>\n<p><img loading=\"lazy\" decoding=\"async\" class=\"alignnone size-medium wp-image-875 aligncenter\" src=\"http:\/\/dienhoabinhthuan.com\/wp-content\/uploads\/2021\/05\/1600-2-243x300.jpg\" alt=\"\" width=\"243\" height=\"300\" srcset=\"https:\/\/dienhoabinhthuan.com\/wp-content\/uploads\/2021\/05\/1600-2-243x300.jpg 243w, https:\/\/dienhoabinhthuan.com\/wp-content\/uploads\/2021\/05\/1600-2-510x629.jpg 510w, https:\/\/dienhoabinhthuan.com\/wp-content\/uploads\/2021\/05\/1600-2.jpg 527w\" sizes=\"auto, (max-width: 243px) 100vw, 243px\" \/><\/p>\n<p>K\u1ec7 hoa chia bu\u1ed3n v\u1edbi t\u00f4ng m\u00e0u t\u00edm nh\u1ea1t, n\u01a1 tr\u1eafng, qu\u1ea5n th\u00e2n b\u1eb1ng gi\u1ea5y l\u1ee5a tr\u1eafng s\u1ebd gi\u00fap b\u1ea1n n\u00f3i l\u00ean l\u1eddi chia bu\u1ed3n s\u00e2u s\u1eafc nh\u1ea5t. cung c\u1ea5p d\u1ecbch v\u1ee5 \u0111i\u1ec7n hoa chia bu\u1ed3n, hoa vi\u1ebfng \u0111\u00e1m tang uy<\/p>\n","protected":false},"excerpt":{"rendered":"<p>C\u00f5i Thi\u00ean Thu K\u1ec7 hoa chia bu\u1ed3n v\u1edbi t\u00f4ng m\u00e0u t\u00edm nh\u1ea1t, n\u01a1 tr\u1eafng, qu\u1ea5n th\u00e2n b\u1eb1ng gi\u1ea5y l\u1ee5a tr\u1eafng s\u1ebd gi\u00fap b\u1ea1n n\u00f3i l\u00ean l\u1eddi chia bu\u1ed3n s\u00e2u s\u1eafc nh\u1ea5t. cung c\u1ea5p d\u1ecbch v\u1ee5 \u0111i\u1ec7n hoa chia bu\u1ed3n, hoa vi\u1ebfng \u0111\u00e1m tang uy<\/p>\n","protected":false},"featured_media":875,"comment_status":"open","ping_status":"closed","template":"","meta":{"_bbp_topic_count":0,"_bbp_reply_count":0,"_bbp_total_topic_count":0,"_bbp_total_reply_count":0,"_bbp_voice_count":0,"_bbp_anonymous_reply_count":0,"_bbp_topic_count_hidden":0,"_bbp_reply_count_hidden":0,"_bbp_forum_subforum_count":0},"product_brand":[],"product_cat":[251],"product_tag":[270,271,264,268,272],"class_list":{"0":"post-881","1":"product","2":"type-product","3":"status-publish","4":"has-post-thumbnail","6":"product_cat-hoa-chia-buon","7":"product_tag-dich-vu-hoa-tuoi-giao-hoa-tan-noi","8":"product_tag-dat-hoa-tang-le","9":"product_tag-dien-hoa-24gio-shop-hoa-tuoi","10":"product_tag-shop-ban-hoa","11":"product_tag-shop-ban-hoa-tang-le","13":"first","14":"instock","15":"sale","16":"shipping-taxable","17":"purchasable","18":"product-type-simple"},"_links":{"self":[{"href":"https:\/\/dienhoabinhthuan.com\/index.php?rest_route=\/wp\/v2\/product\/881","targetHints":{"allow":["GET"]}}],"collection":[{"href":"https:\/\/dienhoabinhthuan.com\/index.php?rest_route=\/wp\/v2\/product"}],"about":[{"href":"https:\/\/dienhoabinhthuan.com\/index.php?rest_route=\/wp\/v2\/types\/product"}],"replies":[{"embeddable":true,"href":"https:\/\/dienhoabinhthuan.com\/index.php?rest_route=%2Fwp%2Fv2%2Fcomments&post=881"}],"wp:featuredmedia":[{"embeddable":true,"href":"https:\/\/dienhoabinhthuan.com\/index.php?rest_route=\/wp\/v2\/media\/875"}],"wp:attachment":[{"href":"https:\/\/dienhoabinhthuan.com\/index.php?rest_route=%2Fwp%2Fv2%2Fmedia&parent=881"}],"wp:term":[{"taxonomy":"product_brand","embeddable":true,"href":"https:\/\/dienhoabinhthuan.com\/index.php?rest_route=%2Fwp%2Fv2%2Fproduct_brand&post=881"},{"taxonomy":"product_cat","embeddable":true,"href":"https:\/\/dienhoabinhthuan.com\/index.php?rest_route=%2Fwp%2Fv2%2Fproduct_cat&post=881"},{"taxonomy":"product_tag","embeddable":true,"href":"https:\/\/dienhoabinhthuan.com\/index.php?rest_route=%2Fwp%2Fv2%2Fproduct_tag&post=881"}],"curies":[{"name":"wp","href":"https:\/\/api.w.org\/{rel}","templated":true}]}}