{"id":888,"date":"2021-05-20T09:11:16","date_gmt":"2021-05-20T09:11:16","guid":{"rendered":"https:\/\/dienhoabinhthuan.com\/?post_type=product&#038;p=888"},"modified":"2021-05-20T09:11:17","modified_gmt":"2021-05-20T09:11:17","slug":"ma-dao-thanh-cong","status":"publish","type":"product","link":"https:\/\/dienhoabinhthuan.com\/?product=ma-dao-thanh-cong","title":{"rendered":"M\u00e3 \u0110\u00e1o Thanh C\u00f4ng"},"content":{"rendered":"<p>M\u00e3 \u0110\u00e1o Thanh C\u00f4ng<\/p>\n<p><img loading=\"lazy\" decoding=\"async\" class=\"alignnone size-medium wp-image-889\" src=\"http:\/\/dienhoabinhthuan.com\/wp-content\/uploads\/2021\/05\/dfgdfd-243x300.jpg\" alt=\"\" width=\"243\" height=\"300\" srcset=\"https:\/\/dienhoabinhthuan.com\/wp-content\/uploads\/2021\/05\/dfgdfd-243x300.jpg 243w, https:\/\/dienhoabinhthuan.com\/wp-content\/uploads\/2021\/05\/dfgdfd-510x629.jpg 510w, https:\/\/dienhoabinhthuan.com\/wp-content\/uploads\/2021\/05\/dfgdfd-49x60.jpg 49w, https:\/\/dienhoabinhthuan.com\/wp-content\/uploads\/2021\/05\/dfgdfd.jpg 527w\" sizes=\"auto, (max-width: 243px) 100vw, 243px\" \/><\/p>\n<p>K\u1ec7 Hoa Khai Tr\u01b0\u01a1ng M\u00e3 \u0110\u00e1o Th\u00e0nh C\u00f4ng &#8230; Mi\u1ec5n ph\u00ed giao hoa hoa tuoi, shop hoa tuoi, hoa tuoi dep, shop hoa dep, dien hoa dep, t\u1eb7ng qu\u00e0 valentine ,qu\u00e0 cho &#8230; M\u00e3 \u0111\u00e1o th\u00e0nh c\u00f4ng.<\/p>\n","protected":false},"excerpt":{"rendered":"<p>M\u00e3 \u0110\u00e1o Thanh C\u00f4ng K\u1ec7 Hoa Khai Tr\u01b0\u01a1ng M\u00e3 \u0110\u00e1o Th\u00e0nh C\u00f4ng &#8230; Mi\u1ec5n ph\u00ed giao hoa hoa tuoi, shop hoa tuoi, hoa tuoi dep, shop hoa dep, dien hoa dep, t\u1eb7ng qu\u00e0 valentine ,qu\u00e0 cho &#8230; M\u00e3 \u0111\u00e1o th\u00e0nh c\u00f4ng.<\/p>\n","protected":false},"featured_media":889,"comment_status":"open","ping_status":"closed","template":"","meta":{"_bbp_topic_count":0,"_bbp_reply_count":0,"_bbp_total_topic_count":0,"_bbp_total_reply_count":0,"_bbp_voice_count":0,"_bbp_anonymous_reply_count":0,"_bbp_topic_count_hidden":0,"_bbp_reply_count_hidden":0,"_bbp_forum_subforum_count":0},"product_brand":[],"product_cat":[250],"product_tag":[],"class_list":{"0":"post-888","1":"product","2":"type-product","3":"status-publish","4":"has-post-thumbnail","6":"product_cat-hoa-khai-truong","8":"first","9":"instock","10":"shipping-taxable","11":"purchasable","12":"product-type-simple"},"_links":{"self":[{"href":"https:\/\/dienhoabinhthuan.com\/index.php?rest_route=\/wp\/v2\/product\/888","targetHints":{"allow":["GET"]}}],"collection":[{"href":"https:\/\/dienhoabinhthuan.com\/index.php?rest_route=\/wp\/v2\/product"}],"about":[{"href":"https:\/\/dienhoabinhthuan.com\/index.php?rest_route=\/wp\/v2\/types\/product"}],"replies":[{"embeddable":true,"href":"https:\/\/dienhoabinhthuan.com\/index.php?rest_route=%2Fwp%2Fv2%2Fcomments&post=888"}],"wp:featuredmedia":[{"embeddable":true,"href":"https:\/\/dienhoabinhthuan.com\/index.php?rest_route=\/wp\/v2\/media\/889"}],"wp:attachment":[{"href":"https:\/\/dienhoabinhthuan.com\/index.php?rest_route=%2Fwp%2Fv2%2Fmedia&parent=888"}],"wp:term":[{"taxonomy":"product_brand","embeddable":true,"href":"https:\/\/dienhoabinhthuan.com\/index.php?rest_route=%2Fwp%2Fv2%2Fproduct_brand&post=888"},{"taxonomy":"product_cat","embeddable":true,"href":"https:\/\/dienhoabinhthuan.com\/index.php?rest_route=%2Fwp%2Fv2%2Fproduct_cat&post=888"},{"taxonomy":"product_tag","embeddable":true,"href":"https:\/\/dienhoabinhthuan.com\/index.php?rest_route=%2Fwp%2Fv2%2Fproduct_tag&post=888"}],"curies":[{"name":"wp","href":"https:\/\/api.w.org\/{rel}","templated":true}]}}