{"id":891,"date":"2021-05-20T09:14:14","date_gmt":"2021-05-20T09:14:14","guid":{"rendered":"https:\/\/dienhoabinhthuan.com\/?post_type=product&#038;p=891"},"modified":"2021-05-20T09:14:15","modified_gmt":"2021-05-20T09:14:15","slug":"thanh-cong-vien-man","status":"publish","type":"product","link":"https:\/\/dienhoabinhthuan.com\/?product=thanh-cong-vien-man","title":{"rendered":"Thanh C\u00f4ng Vi\u00ean M\u00e3n"},"content":{"rendered":"<p>Thanh C\u00f4ng Vi\u00ean M\u00e3n<br \/>\n<img loading=\"lazy\" decoding=\"async\" class=\"alignnone size-medium wp-image-892\" src=\"http:\/\/dienhoabinhthuan.com\/wp-content\/uploads\/2021\/05\/fgdgfdg-243x300.jpg\" alt=\"\" width=\"243\" height=\"300\" srcset=\"https:\/\/dienhoabinhthuan.com\/wp-content\/uploads\/2021\/05\/fgdgfdg-243x300.jpg 243w, https:\/\/dienhoabinhthuan.com\/wp-content\/uploads\/2021\/05\/fgdgfdg-510x629.jpg 510w, https:\/\/dienhoabinhthuan.com\/wp-content\/uploads\/2021\/05\/fgdgfdg.jpg 527w\" sizes=\"auto, (max-width: 243px) 100vw, 243px\" \/><\/p>\n<p>K\u1ec7 hoa ch\u00fac m\u1eebng Th\u00e0nh C\u00f4ng IV g\u1ed3m c\u00f3 hoa H\u1ed3ng, hoa lan v\u00e0 c\u00e1c ph\u1ee5 li\u1ec7u kh\u00e1c. \u0110\u1ecf v\u00e0 v\u00e0ng l\u00e0 hai m\u00e0u c\u01a1 b\u1ea3n r\u1ea5t \u0111\u01b0\u1ee3c \u01b0a d\u00f9ng khi b\u00e0i tr\u00ed theo phong th\u1ee7y. Tr\u01b0\u1eddng h\u1ee3p kh\u00f4ng \u0111\u1ee7 s\u1ed1 l\u01b0\u1ee3ng hoa nh\u01b0 m\u1eabu \u0111\u00e3 ch\u1ecdn, nh\u00e2n vi\u00ean t\u01b0 v\u1ea5n s\u1ebd li\u00ean h\u1ec7 v\u1edbi Qu\u00fd kh\u00e1ch h\u00e0ng \u0111\u1ec3 l\u1ef1a ch\u1ecdn .. K\u1ec7 hoa khai tr\u01b0\u01a1ng tr\u00f2n 1 t\u1ea7ng Th\u00e0nh c\u00f4ng m\u1ef9 m\u00e3n ch\u00ednh l\u00e0 m\u00f3n qu\u00e0 v\u00f4 c\u00f9ng \u0111\u1ed9c \u0111\u00e1o v\u00e0 \u00fd ngh\u0129a nh\u00e2n d\u1ecbp khai tr\u01b0\u01a1ng.<\/p>\n","protected":false},"excerpt":{"rendered":"<p>Thanh C\u00f4ng Vi\u00ean M\u00e3n K\u1ec7 hoa ch\u00fac m\u1eebng Th\u00e0nh C\u00f4ng IV g\u1ed3m c\u00f3 hoa H\u1ed3ng, hoa lan v\u00e0 c\u00e1c ph\u1ee5 li\u1ec7u kh\u00e1c. \u0110\u1ecf v\u00e0 v\u00e0ng l\u00e0 hai m\u00e0u c\u01a1 b\u1ea3n r\u1ea5t \u0111\u01b0\u1ee3c \u01b0a d\u00f9ng khi b\u00e0i tr\u00ed theo phong th\u1ee7y. Tr\u01b0\u1eddng h\u1ee3p kh\u00f4ng \u0111\u1ee7 s\u1ed1 l\u01b0\u1ee3ng hoa nh\u01b0 m\u1eabu \u0111\u00e3 ch\u1ecdn, nh\u00e2n vi\u00ean t\u01b0 v\u1ea5n &#8230;<\/p>\n","protected":false},"featured_media":892,"comment_status":"open","ping_status":"closed","template":"","meta":{"_bbp_topic_count":0,"_bbp_reply_count":0,"_bbp_total_topic_count":0,"_bbp_total_reply_count":0,"_bbp_voice_count":0,"_bbp_anonymous_reply_count":0,"_bbp_topic_count_hidden":0,"_bbp_reply_count_hidden":0,"_bbp_forum_subforum_count":0},"product_brand":[],"product_cat":[250],"product_tag":[],"class_list":{"0":"post-891","1":"product","2":"type-product","3":"status-publish","4":"has-post-thumbnail","6":"product_cat-hoa-khai-truong","8":"first","9":"instock","10":"shipping-taxable","11":"purchasable","12":"product-type-simple"},"_links":{"self":[{"href":"https:\/\/dienhoabinhthuan.com\/index.php?rest_route=\/wp\/v2\/product\/891","targetHints":{"allow":["GET"]}}],"collection":[{"href":"https:\/\/dienhoabinhthuan.com\/index.php?rest_route=\/wp\/v2\/product"}],"about":[{"href":"https:\/\/dienhoabinhthuan.com\/index.php?rest_route=\/wp\/v2\/types\/product"}],"replies":[{"embeddable":true,"href":"https:\/\/dienhoabinhthuan.com\/index.php?rest_route=%2Fwp%2Fv2%2Fcomments&post=891"}],"wp:featuredmedia":[{"embeddable":true,"href":"https:\/\/dienhoabinhthuan.com\/index.php?rest_route=\/wp\/v2\/media\/892"}],"wp:attachment":[{"href":"https:\/\/dienhoabinhthuan.com\/index.php?rest_route=%2Fwp%2Fv2%2Fmedia&parent=891"}],"wp:term":[{"taxonomy":"product_brand","embeddable":true,"href":"https:\/\/dienhoabinhthuan.com\/index.php?rest_route=%2Fwp%2Fv2%2Fproduct_brand&post=891"},{"taxonomy":"product_cat","embeddable":true,"href":"https:\/\/dienhoabinhthuan.com\/index.php?rest_route=%2Fwp%2Fv2%2Fproduct_cat&post=891"},{"taxonomy":"product_tag","embeddable":true,"href":"https:\/\/dienhoabinhthuan.com\/index.php?rest_route=%2Fwp%2Fv2%2Fproduct_tag&post=891"}],"curies":[{"name":"wp","href":"https:\/\/api.w.org\/{rel}","templated":true}]}}