{"id":903,"date":"2021-05-20T09:32:36","date_gmt":"2021-05-20T09:32:36","guid":{"rendered":"https:\/\/dienhoabinhthuan.com\/?post_type=product&#038;p=903"},"modified":"2024-10-03T22:55:07","modified_gmt":"2024-10-03T22:55:07","slug":"ke-hoa-khai-truong-dai-loi","status":"publish","type":"product","link":"https:\/\/dienhoabinhthuan.com\/?product=ke-hoa-khai-truong-dai-loi","title":{"rendered":"K\u1ec7 Hoa Khai Tr\u01b0\u01a1ng \u0110\u1ea1i L\u1ee3i"},"content":{"rendered":"<h3 class=\"LC20lb DKV0Md\"><\/h3>\n<h2 id=\"input_line_0\"><span id=\"input_part_0\" class=\"\" style=\"font-size: 120%;\" data-mention=\" &quot;K\u1ec7 Hoa Khai Tr\u01b0\u01a1ng \u0110\u1ea1i L\u1ee3i - \u0110i\u1ec3m Nh\u1ea5n S\u1ef1 Ki\u1ec7n Ho\u00e0n H\u1ea3o&quot;\"> &#8220;K\u1ec7 Hoa Khai Tr\u01b0\u01a1ng \u0110\u1ea1i L\u1ee3i &#8211; \u0110i\u1ec3m Nh\u1ea5n S\u1ef1 Ki\u1ec7n Ho\u00e0n H\u1ea3o&#8221;<\/span><\/h2>\n<div id=\"input_line_1\"><\/div>\n<div id=\"input_line_2\"><\/div>\n<div id=\"input_line_3\"><span id=\"input_part_0\" class=\"\" style=\"font-size: 120%;\" data-mention=\"K\u1ec7 Hoa Khai Tr\u01b0\u01a1ng \u0110\u1ea1i L\u1ee3i l\u00e0 m\u1ed9t bi\u1ec3u t\u01b0\u1ee3ng tinh t\u1ebf c\u1ee7a s\u1ef1 kh\u1edfi \u0111\u1ea7u m\u1edbi v\u00e0 th\u00e0nh c\u00f4ng trong kinh doanh. V\u1edbi s\u1ef1 k\u1ebft h\u1ee3p \u0111\u1ed9c \u0111\u00e1o c\u1ee7a hoa t\u01b0\u01a1i v\u00e0 s\u1ef1 s\u00e1ng t\u1ea1o c\u1ee7a ngh\u1ec7 nh\u00e2n, nh\u1eefng k\u1ec7 hoa n\u00e0y l\u00e0m n\u1ed5i b\u1eadt b\u1ea5t k\u1ef3 s\u1ef1 ki\u1ec7n khai tr\u01b0\u01a1ng n\u00e0o v\u00e0 mang \u0111\u1ebfn s\u1ef1 ph\u1ea5n kh\u00edch cho ng\u00e0y \u0111\u1eb7c bi\u1ec7t.\">K\u1ec7 Hoa Khai Tr\u01b0\u01a1ng \u0110\u1ea1i L\u1ee3i l\u00e0 m\u1ed9t bi\u1ec3u t\u01b0\u1ee3ng tinh t\u1ebf c\u1ee7a s\u1ef1 kh\u1edfi \u0111\u1ea7u m\u1edbi v\u00e0 th\u00e0nh c\u00f4ng trong kinh doanh. V\u1edbi s\u1ef1 k\u1ebft h\u1ee3p \u0111\u1ed9c \u0111\u00e1o c\u1ee7a hoa t\u01b0\u01a1i v\u00e0 s\u1ef1 s\u00e1ng t\u1ea1o c\u1ee7a ngh\u1ec7 nh\u00e2n, nh\u1eefng k\u1ec7 hoa n\u00e0y l\u00e0m n\u1ed5i b\u1eadt b\u1ea5t k\u1ef3 s\u1ef1 ki\u1ec7n khai tr\u01b0\u01a1ng n\u00e0o v\u00e0 mang \u0111\u1ebfn s\u1ef1 ph\u1ea5n kh\u00edch cho ng\u00e0y \u0111\u1eb7c bi\u1ec7t.<\/span><\/div>\n<div id=\"input_line_4\"><\/div>\n<div id=\"input_line_5\"><span id=\"input_part_0\" class=\"\" style=\"font-size: 120%;\" data-mention=\"M\u1ed7i K\u1ec7 Hoa Khai Tr\u01b0\u01a1ng \u0110\u1ea1i L\u1ee3i \u0111\u01b0\u1ee3c t\u1ea1o ra b\u1eb1ng c\u00e1ch l\u1ef1a ch\u1ecdn v\u00e0 ch\u0103m s\u00f3c nh\u1eefng b\u00f4ng hoa t\u01b0\u01a1i \u0111\u1eb9p nh\u1ea5t. S\u1ef1 t\u1ec9 m\u1ec9 v\u00e0 tinh t\u1ebf trong t\u1eebng c\u00e1nh hoa v\u00e0 m\u1ed7i chi ti\u1ebft c\u1ee7a k\u1ec7 hoa gi\u00fap ch\u00fang tr\u1edf th\u00e0nh m\u1ed9t t\u00e1c ph\u1ea9m ngh\u1ec7 thu\u1eadt \u0111\u1eb9p m\u1eaft. S\u1ef1 s\u1eafp x\u1ebfp tinh t\u1ebf c\u1ee7a c\u00e1c lo\u1ea1i hoa c\u00f9ng v\u1edbi m\u00e0u s\u1eafc v\u00e0 thi\u1ebft k\u1ebf \u0111\u1ed9c \u0111\u00e1o l\u00e0m n\u1ed5i b\u1eadt s\u1ef1 ki\u1ec7n khai tr\u01b0\u01a1ng v\u00e0 th\u00e0nh c\u00f4ng kinh doanh.\">M\u1ed7i K\u1ec7 Hoa Khai Tr\u01b0\u01a1ng \u0110\u1ea1i L\u1ee3i \u0111\u01b0\u1ee3c t\u1ea1o ra b\u1eb1ng c\u00e1ch l\u1ef1a ch\u1ecdn v\u00e0 ch\u0103m s\u00f3c nh\u1eefng b\u00f4ng hoa t\u01b0\u01a1i \u0111\u1eb9p nh\u1ea5t. S\u1ef1 t\u1ec9 m\u1ec9 v\u00e0 tinh t\u1ebf trong t\u1eebng c\u00e1nh hoa v\u00e0 m\u1ed7i chi ti\u1ebft c\u1ee7a k\u1ec7 hoa gi\u00fap ch\u00fang tr\u1edf th\u00e0nh m\u1ed9t t\u00e1c ph\u1ea9m ngh\u1ec7 thu\u1eadt \u0111\u1eb9p m\u1eaft. S\u1ef1 s\u1eafp x\u1ebfp tinh t\u1ebf c\u1ee7a c\u00e1c lo\u1ea1i hoa c\u00f9ng v\u1edbi m\u00e0u s\u1eafc v\u00e0 thi\u1ebft k\u1ebf \u0111\u1ed9c \u0111\u00e1o l\u00e0m n\u1ed5i b\u1eadt s\u1ef1 ki\u1ec7n khai tr\u01b0\u01a1ng v\u00e0 th\u00e0nh c\u00f4ng kinh doanh.<\/span><\/div>\n<div id=\"input_line_6\"><\/div>\n<p><span style=\"font-size: 120%;\"><img loading=\"lazy\" decoding=\"async\" class=\"aligncenter wp-image-904 size-full\" src=\"http:\/\/dienhoabinhthuan.com\/wp-content\/uploads\/2021\/05\/qww.jpg\" alt=\"K\u1ec7 Hoa Khai Tr\u01b0\u01a1ng \u0110\u1ea1i L\u1ee3i\" width=\"527\" height=\"650\" srcset=\"https:\/\/dienhoabinhthuan.com\/wp-content\/uploads\/2021\/05\/qww.jpg 527w, https:\/\/dienhoabinhthuan.com\/wp-content\/uploads\/2021\/05\/qww-510x629.jpg 510w, https:\/\/dienhoabinhthuan.com\/wp-content\/uploads\/2021\/05\/qww-243x300.jpg 243w\" sizes=\"auto, (max-width: 527px) 100vw, 527px\" \/><\/span><\/p>\n<div id=\"input_line_7\"><span id=\"input_part_0\" class=\"\" style=\"font-size: 120%;\" data-mention=\"K\u1ec7 Hoa Khai Tr\u01b0\u01a1ng \u0110\u1ea1i L\u1ee3i kh\u00f4ng ch\u1ec9 l\u00e0 m\u1ed9t m\u00f3n qu\u00e0 m\u00e0 c\u00f2n l\u00e0 bi\u1ec3u t\u01b0\u1ee3ng c\u1ee7a s\u1ef1 ch\u00e0o \u0111\u00f3n v\u00e0 hy v\u1ecdng trong th\u1ebf gi\u1edbi kinh doanh. Ch\u00fang th\u1ec3 hi\u1ec7n s\u1ef1 ph\u1ea5n kh\u00edch v\u00e0 s\u1ef1 h\u00e2n hoan c\u1ee7a b\u1ea1n trong vi\u1ec7c m\u1edf c\u1eeda c\u01a1 h\u1ed9i m\u1edbi. C\u00e1c lo\u1ea1i hoa \u0111\u01b0\u1ee3c s\u1eafp x\u1ebfp m\u1ed9t c\u00e1ch tinh t\u1ebf \u0111\u1ec3 t\u1ea1o ra s\u1ef1 \u1ea5n t\u01b0\u1ee3ng v\u00e0 \u0111\u1ed9c \u0111\u00e1o.\">K\u1ec7 Hoa Khai Tr\u01b0\u01a1ng \u0110\u1ea1i L\u1ee3i kh\u00f4ng ch\u1ec9 l\u00e0 m\u1ed9t m\u00f3n qu\u00e0 m\u00e0 c\u00f2n l\u00e0 bi\u1ec3u t\u01b0\u1ee3ng c\u1ee7a s\u1ef1 ch\u00e0o \u0111\u00f3n v\u00e0 hy v\u1ecdng trong th\u1ebf gi\u1edbi kinh doanh. Ch\u00fang th\u1ec3 hi\u1ec7n s\u1ef1 ph\u1ea5n kh\u00edch v\u00e0 s\u1ef1 h\u00e2n hoan c\u1ee7a b\u1ea1n trong vi\u1ec7c m\u1edf c\u1eeda c\u01a1 h\u1ed9i m\u1edbi. C\u00e1c lo\u1ea1i hoa \u0111\u01b0\u1ee3c s\u1eafp x\u1ebfp m\u1ed9t c\u00e1ch tinh t\u1ebf \u0111\u1ec3 t\u1ea1o ra s\u1ef1 \u1ea5n t\u01b0\u1ee3ng v\u00e0 \u0111\u1ed9c \u0111\u00e1o.<\/span><\/div>\n<div id=\"input_line_8\"><\/div>\n<div id=\"input_line_9\"><span id=\"input_part_0\" class=\"\" style=\"font-size: 120%;\" data-mention=\"Ch\u00fang t\u00f4i hi\u1ec3u r\u1eb1ng m\u1ed7i s\u1ef1 ki\u1ec7n khai tr\u01b0\u01a1ng \u0111\u1ec1u \u0111\u1eb7c bi\u1ec7t v\u00e0 \u0111\u00e1ng nh\u1edb. V\u00ec v\u1eady, K\u1ec7 Hoa Khai Tr\u01b0\u01a1ng \u0110\u1ea1i L\u1ee3i c\u1ee7a ch\u00fang t\u00f4i c\u00f3 th\u1ec3 \u0111\u01b0\u1ee3c t\u00f9y ch\u1ec9nh \u0111\u1ec3 ph\u00f9 h\u1ee3p v\u1edbi c\u00e1 nh\u00e2n h\u00f3a c\u1ee7a b\u1ea1n. B\u1ea1n c\u00f3 th\u1ec3 ch\u1ecdn lo\u1ea1i hoa y\u00eau th\u00edch ho\u1eb7c thay \u0111\u1ed5i m\u00e0u s\u1eafc \u0111\u1ec3 t\u1ea1o ra m\u1ed9t k\u1ec7 hoa \u0111\u1ed9c \u0111\u00e1o ho\u00e0n to\u00e0n.\">Ch\u00fang t\u00f4i hi\u1ec3u r\u1eb1ng m\u1ed7i s\u1ef1 ki\u1ec7n khai tr\u01b0\u01a1ng \u0111\u1ec1u \u0111\u1eb7c bi\u1ec7t v\u00e0 \u0111\u00e1ng nh\u1edb. V\u00ec v\u1eady, K\u1ec7 Hoa Khai Tr\u01b0\u01a1ng \u0110\u1ea1i L\u1ee3i c\u1ee7a ch\u00fang t\u00f4i c\u00f3 th\u1ec3 \u0111\u01b0\u1ee3c t\u00f9y ch\u1ec9nh \u0111\u1ec3 ph\u00f9 h\u1ee3p v\u1edbi c\u00e1 nh\u00e2n h\u00f3a c\u1ee7a b\u1ea1n. B\u1ea1n c\u00f3 th\u1ec3 ch\u1ecdn lo\u1ea1i hoa y\u00eau th\u00edch ho\u1eb7c thay \u0111\u1ed5i m\u00e0u s\u1eafc \u0111\u1ec3 t\u1ea1o ra m\u1ed9t k\u1ec7 hoa \u0111\u1ed9c \u0111\u00e1o ho\u00e0n to\u00e0n.<\/span><\/div>\n<div id=\"input_line_10\"><\/div>\n<div id=\"input_line_11\"><span id=\"input_part_0\" class=\"\" style=\"font-size: 120%;\" data-mention=\"Ngo\u00e0i vi\u1ec7c l\u00e0 m\u1ed9t m\u00f3n qu\u00e0, K\u1ec7 Hoa Khai Tr\u01b0\u01a1ng \u0110\u1ea1i L\u1ee3i c\u00f2n c\u00f3 th\u1ec3 trang tr\u00ed cho kh\u00f4ng gian c\u1ee7a b\u1ea1n. S\u1ef1 \u0111\u1eb9p m\u1eaft v\u00e0 sang tr\u1ecdng c\u1ee7a nh\u1eefng b\u00f4ng hoa t\u01b0\u01a1i s\u00e1ng s\u1ebd l\u00e0m cho m\u1ecdi s\u1ef1 ki\u1ec7n khai tr\u01b0\u01a1ng tr\u1edf n\u00ean phong c\u00e1ch v\u00e0 \u0111\u00e1ng nh\u1edb.\">Ngo\u00e0i vi\u1ec7c l\u00e0 m\u1ed9t m\u00f3n qu\u00e0, K\u1ec7 Hoa Khai Tr\u01b0\u01a1ng \u0110\u1ea1i L\u1ee3i c\u00f2n c\u00f3 th\u1ec3 trang tr\u00ed cho kh\u00f4ng gian c\u1ee7a b\u1ea1n. S\u1ef1 \u0111\u1eb9p m\u1eaft v\u00e0 sang tr\u1ecdng c\u1ee7a nh\u1eefng b\u00f4ng hoa t\u01b0\u01a1i s\u00e1ng s\u1ebd l\u00e0m cho m\u1ecdi s\u1ef1 ki\u1ec7n khai tr\u01b0\u01a1ng tr\u1edf n\u00ean phong c\u00e1ch v\u00e0 \u0111\u00e1ng nh\u1edb.<\/span><\/div>\n<div id=\"input_line_12\"><\/div>\n<div id=\"input_line_13\"><span id=\"input_part_0\" class=\"\" style=\"font-size: 120%;\" data-mention=\"H\u00e3y ch\u1ecdn K\u1ec7 Hoa Khai Tr\u01b0\u01a1ng \u0110\u1ea1i L\u1ee3i \u0111\u1ec3 t\u1ea1o \u0111i\u1ec3m nh\u1ea5n ho\u00e0n h\u1ea3o cho s\u1ef1 ki\u1ec7n c\u1ee7a b\u1ea1n. V\u1edbi s\u1ef1 tinh t\u1ebf v\u00e0 s\u1ef1 \u0111\u1ed9c \u0111\u00e1o, s\u1ea3n ph\u1ea9m n\u00e0y s\u1ebd g\u1eedi \u0111i th\u00f4ng \u0111i\u1ec7p v\u1ec1 s\u1ef1 ph\u1ea5n kh\u00edch v\u00e0 th\u00e0nh c\u00f4ng trong s\u1ef1 ki\u1ec7n khai tr\u01b0\u01a1ng c\u1ee7a b\u1ea1n.\">H\u00e3y ch\u1ecdn K\u1ec7 Hoa Khai Tr\u01b0\u01a1ng \u0110\u1ea1i L\u1ee3i \u0111\u1ec3 t\u1ea1o \u0111i\u1ec3m nh\u1ea5n ho\u00e0n h\u1ea3o cho s\u1ef1 ki\u1ec7n c\u1ee7a b\u1ea1n. V\u1edbi s\u1ef1 tinh t\u1ebf v\u00e0 s\u1ef1 \u0111\u1ed9c \u0111\u00e1o, s\u1ea3n ph\u1ea9m n\u00e0y s\u1ebd g\u1eedi \u0111i th\u00f4ng \u0111i\u1ec7p v\u1ec1 s\u1ef1 ph\u1ea5n kh\u00edch v\u00e0 th\u00e0nh c\u00f4ng trong s\u1ef1 ki\u1ec7n khai tr\u01b0\u01a1ng c\u1ee7a b\u1ea1n.<\/span><\/div>\n<p>&nbsp;<\/p>\n<p><span style=\"font-size: 120%;\">K\u1ec7 Hoa Khai Tr\u01b0\u01a1ng \u0110\u1ea1i L\u1ee3i &#8230; s\u1eafc v\u00e0ng t\u1eeb c\u00e1t t\u01b0\u1eddng, k\u1ec7 hoa s\u00e1ng t\u01b0\u01a1i v\u00e0 s\u00e1ng ng\u1eddi t\u01b0\u1ee3ng tr\u01b0ng cho ni\u1ec1m hy v\u1ecdng, ni\u1ec1m tin v\u00e0o t\u01b0\u01a1ng lai r\u1ed9ng m\u1edf ph\u00eda tr\u01b0\u1edbc. c\u00f3 hoa h\u01b0\u1edbng d\u01b0\u01a1ng v\u00e0 hoa ly, g\u1edfi l\u1eddi ch\u00fac may m\u1eafn v\u00e0 th\u00e0nh c\u00f4ng \u0111\u1ebfn v\u1edbi \u0111\u1ed1i t\u00e1c, b\u1ea1n b\u00e8, ng\u01b0\u1eddi th\u00e2n.<\/span><\/p>\n<p><a href=\"https:\/\/dienhoabinhthuan.com\/hoa-tang-le-tai-huyen-ham-thuan-nam\/\">Hoa Tang L\u1ec5 T\u1ea1i Huy\u1ec7n H\u00e0m Thu\u1eadn Nam<\/a><\/p>\n<p><a href=\"https:\/\/dienhoabinhthuan.com\/hoa-cho-dam-tang-phu-quy\/\">Hoa Cho \u0110\u00e1m Tang Ph\u00fa Qu\u00fd<\/a><\/p>\n","protected":false},"excerpt":{"rendered":"<p id=\"input_line_0\"><span id=\"input_part_0\" class=\"\" data-mention=\" &quot;K\u1ec7 Hoa Khai Tr\u01b0\u01a1ng \u0110\u1ea1i L\u1ee3i - \u0110i\u1ec3m Nh\u1ea5n S\u1ef1 Ki\u1ec7n Ho\u00e0n H\u1ea3o&quot;\">&#8220;K\u1ec7 Hoa Khai Tr\u01b0\u01a1ng \u0110\u1ea1i L\u1ee3i &#8211; \u0110i\u1ec3m Nh\u1ea5n S\u1ef1 Ki\u1ec7n Ho\u00e0n H\u1ea3o&#8221;<\/span><\/p>\n","protected":false},"featured_media":904,"comment_status":"open","ping_status":"closed","template":"","meta":{"_bbp_topic_count":0,"_bbp_reply_count":0,"_bbp_total_topic_count":0,"_bbp_total_reply_count":0,"_bbp_voice_count":0,"_bbp_anonymous_reply_count":0,"_bbp_topic_count_hidden":0,"_bbp_reply_count_hidden":0,"_bbp_forum_subforum_count":0},"product_brand":[],"product_cat":[250],"product_tag":[269,254,262,259,257],"class_list":{"0":"post-903","1":"product","2":"type-product","3":"status-publish","4":"has-post-thumbnail","6":"product_cat-hoa-khai-truong","7":"product_tag-dien-hoa-chuc-mung","8":"product_tag-gio-hoa-chuc-mung","9":"product_tag-hoa-khai-truong","10":"product_tag-hoa-tang-me","11":"product_tag-hoa-tuoi","13":"first","14":"instock","15":"shipping-taxable","16":"purchasable","17":"product-type-simple"},"_links":{"self":[{"href":"https:\/\/dienhoabinhthuan.com\/index.php?rest_route=\/wp\/v2\/product\/903","targetHints":{"allow":["GET"]}}],"collection":[{"href":"https:\/\/dienhoabinhthuan.com\/index.php?rest_route=\/wp\/v2\/product"}],"about":[{"href":"https:\/\/dienhoabinhthuan.com\/index.php?rest_route=\/wp\/v2\/types\/product"}],"replies":[{"embeddable":true,"href":"https:\/\/dienhoabinhthuan.com\/index.php?rest_route=%2Fwp%2Fv2%2Fcomments&post=903"}],"wp:featuredmedia":[{"embeddable":true,"href":"https:\/\/dienhoabinhthuan.com\/index.php?rest_route=\/wp\/v2\/media\/904"}],"wp:attachment":[{"href":"https:\/\/dienhoabinhthuan.com\/index.php?rest_route=%2Fwp%2Fv2%2Fmedia&parent=903"}],"wp:term":[{"taxonomy":"product_brand","embeddable":true,"href":"https:\/\/dienhoabinhthuan.com\/index.php?rest_route=%2Fwp%2Fv2%2Fproduct_brand&post=903"},{"taxonomy":"product_cat","embeddable":true,"href":"https:\/\/dienhoabinhthuan.com\/index.php?rest_route=%2Fwp%2Fv2%2Fproduct_cat&post=903"},{"taxonomy":"product_tag","embeddable":true,"href":"https:\/\/dienhoabinhthuan.com\/index.php?rest_route=%2Fwp%2Fv2%2Fproduct_tag&post=903"}],"curies":[{"name":"wp","href":"https:\/\/api.w.org\/{rel}","templated":true}]}}